{"id":574,"date":"2020-12-22T11:55:38","date_gmt":"2020-12-22T10:55:38","guid":{"rendered":"https:\/\/www.recydata.be\/?page_id=574"},"modified":"2024-03-26T13:48:49","modified_gmt":"2024-03-26T12:48:49","slug":"my-epr-guichet-unique-de-declaration","status":"publish","type":"page","link":"https:\/\/www.recydata.be\/fr\/my-epr-guichet-unique-de-declaration\/","title":{"rendered":"my EPR : Guichet unique de d\u00e9claration"},"content":{"rendered":"<p>Les producteurs et collecteurs font souvent face \u00e0 des obligations de rapportage multiples en fonction des flux de d\u00e9chets qu&rsquo;ils g\u00e8rent. Chaque organisme de gestion utilise son propre syst\u00e8me de rapportage et il n&rsquo;est pas toujours ais\u00e9 de trouver son chemin dans les m\u00e9andres de ces diff\u00e9rentes applications. Par l&rsquo;interm\u00e9diaire de ce portail, les entit\u00e9s du groupe Recydata vous proposent un acc\u00e8s direct aux syst\u00e8mes de rapportage qui vous concernent.<\/p>\n<p><span style=\"color: #51ad32;\"><strong>Ces syst\u00e8mes de rapportage ne sont accessibles qu\u2019aux entreprises qui ont conclu un contrat avec les organismes de gestion. <\/strong><\/span><\/p>\n","protected":false},"excerpt":{"rendered":"<p>Les producteurs et collecteurs font souvent face \u00e0 des obligations de rapportage multiples en fonction des flux de d\u00e9chets qu&rsquo;ils [&hellip;]<\/p>\n","protected":false},"author":3,"featured_media":1110,"parent":0,"menu_order":0,"comment_status":"closed","ping_status":"closed","template":"","meta":{"_acf_changed":false,"footnotes":""},"class_list":["post-574","page","type-page","status-publish","has-post-thumbnail","hentry"],"acf":[],"_links":{"self":[{"href":"https:\/\/www.recydata.be\/fr\/wp-json\/wp\/v2\/pages\/574","targetHints":{"allow":["GET"]}}],"collection":[{"href":"https:\/\/www.recydata.be\/fr\/wp-json\/wp\/v2\/pages"}],"about":[{"href":"https:\/\/www.recydata.be\/fr\/wp-json\/wp\/v2\/types\/page"}],"author":[{"embeddable":true,"href":"https:\/\/www.recydata.be\/fr\/wp-json\/wp\/v2\/users\/3"}],"replies":[{"embeddable":true,"href":"https:\/\/www.recydata.be\/fr\/wp-json\/wp\/v2\/comments?post=574"}],"version-history":[{"count":36,"href":"https:\/\/www.recydata.be\/fr\/wp-json\/wp\/v2\/pages\/574\/revisions"}],"predecessor-version":[{"id":1351,"href":"https:\/\/www.recydata.be\/fr\/wp-json\/wp\/v2\/pages\/574\/revisions\/1351"}],"wp:featuredmedia":[{"embeddable":true,"href":"https:\/\/www.recydata.be\/fr\/wp-json\/wp\/v2\/media\/1110"}],"wp:attachment":[{"href":"https:\/\/www.recydata.be\/fr\/wp-json\/wp\/v2\/media?parent=574"}],"curies":[{"name":"wp","href":"https:\/\/api.w.org\/{rel}","templated":true}]}}