{"id":28,"date":"2020-04-01T13:39:17","date_gmt":"2020-04-01T11:39:17","guid":{"rendered":"https:\/\/www.recydata.be\/?page_id=28"},"modified":"2026-02-16T15:50:24","modified_gmt":"2026-02-16T14:50:24","slug":"nos-references","status":"publish","type":"page","link":"https:\/\/www.recydata.be\/fr\/nos-references\/","title":{"rendered":"Nos R\u00e9f\u00e9rences"},"content":{"rendered":"<p>Recydata est aujourd&rsquo;hui \u00e0 la base de la cr\u00e9ation de 3 organismes de responsabilit\u00e9 \u00e9largie du producteur dans des domaines divers tels que les huiles usag\u00e9es, les huiles et les graisses de friture et les matelas.<\/p>\n<p>Nous pr\u00e9parons actuellement la mise en place d&rsquo;un syst\u00e8me de responsabilit\u00e9 \u00e9largie du producteur pour les textiles et d\u00e9marrons une \u00e9tude pour une approche holistique de la gestion des d\u00e9chets de construction.<\/p>\n<p>Parall\u00e8lement, nous coordonnons un projet pilote pour la collecte et le recyclage des chutes de panneaux isolants en PIR\/PUR et menons des \u00e9tudes pr\u00e9liminaires sur des projets portant sur les films agricoles, les tuyaux thermoplastiques, les peintures et les rev\u00eatements de sol en PVC.<\/p>\n<p>Par le pass\u00e9, Recydata a aussi contribu\u00e9 \u00e0 la cr\u00e9ation de Recovinyl et PV Cycle.<\/p>\n","protected":false},"excerpt":{"rendered":"<p>Recydata est aujourd&rsquo;hui \u00e0 la base de la cr\u00e9ation de 3 organismes de responsabilit\u00e9 \u00e9largie du producteur dans des domaines [&hellip;]<\/p>\n","protected":false},"author":1,"featured_media":1677,"parent":0,"menu_order":0,"comment_status":"closed","ping_status":"closed","template":"","meta":{"_acf_changed":false,"footnotes":""},"class_list":["post-28","page","type-page","status-publish","has-post-thumbnail","hentry"],"acf":[],"_links":{"self":[{"href":"https:\/\/www.recydata.be\/fr\/wp-json\/wp\/v2\/pages\/28","targetHints":{"allow":["GET"]}}],"collection":[{"href":"https:\/\/www.recydata.be\/fr\/wp-json\/wp\/v2\/pages"}],"about":[{"href":"https:\/\/www.recydata.be\/fr\/wp-json\/wp\/v2\/types\/page"}],"author":[{"embeddable":true,"href":"https:\/\/www.recydata.be\/fr\/wp-json\/wp\/v2\/users\/1"}],"replies":[{"embeddable":true,"href":"https:\/\/www.recydata.be\/fr\/wp-json\/wp\/v2\/comments?post=28"}],"version-history":[{"count":62,"href":"https:\/\/www.recydata.be\/fr\/wp-json\/wp\/v2\/pages\/28\/revisions"}],"predecessor-version":[{"id":1753,"href":"https:\/\/www.recydata.be\/fr\/wp-json\/wp\/v2\/pages\/28\/revisions\/1753"}],"wp:featuredmedia":[{"embeddable":true,"href":"https:\/\/www.recydata.be\/fr\/wp-json\/wp\/v2\/media\/1677"}],"wp:attachment":[{"href":"https:\/\/www.recydata.be\/fr\/wp-json\/wp\/v2\/media?parent=28"}],"curies":[{"name":"wp","href":"https:\/\/api.w.org\/{rel}","templated":true}]}}