{"id":26,"date":"2020-04-01T13:39:00","date_gmt":"2020-04-01T11:39:00","guid":{"rendered":"https:\/\/www.recydata.be\/?page_id=26"},"modified":"2024-07-03T15:14:18","modified_gmt":"2024-07-03T13:14:18","slug":"a-propos-de-nous","status":"publish","type":"page","link":"https:\/\/www.recydata.be\/fr\/a-propos-de-nous\/","title":{"rendered":"A propos de nous"},"content":{"rendered":"<p class=\"p1\"><span class=\"s1\" style=\"color: #51ad32;\"><b>Notre mission<\/b><\/span><\/p>\n<p><strong>Ensemble, nous facilitons la mise en \u0153uvre et la gestion efficaces de syst\u00e8mes circulaires pour la responsabilit\u00e9 \u00e9largie des producteurs.<\/strong><\/p>\n<p class=\"p1\">\n","protected":false},"excerpt":{"rendered":"<p>Notre mission Ensemble, nous facilitons la mise en \u0153uvre et la gestion efficaces de syst\u00e8mes circulaires pour la responsabilit\u00e9 \u00e9largie [&hellip;]<\/p>\n","protected":false},"author":1,"featured_media":0,"parent":0,"menu_order":0,"comment_status":"closed","ping_status":"closed","template":"","meta":{"_acf_changed":false,"footnotes":""},"class_list":["post-26","page","type-page","status-publish","hentry"],"acf":[],"_links":{"self":[{"href":"https:\/\/www.recydata.be\/fr\/wp-json\/wp\/v2\/pages\/26","targetHints":{"allow":["GET"]}}],"collection":[{"href":"https:\/\/www.recydata.be\/fr\/wp-json\/wp\/v2\/pages"}],"about":[{"href":"https:\/\/www.recydata.be\/fr\/wp-json\/wp\/v2\/types\/page"}],"author":[{"embeddable":true,"href":"https:\/\/www.recydata.be\/fr\/wp-json\/wp\/v2\/users\/1"}],"replies":[{"embeddable":true,"href":"https:\/\/www.recydata.be\/fr\/wp-json\/wp\/v2\/comments?post=26"}],"version-history":[{"count":54,"href":"https:\/\/www.recydata.be\/fr\/wp-json\/wp\/v2\/pages\/26\/revisions"}],"predecessor-version":[{"id":1587,"href":"https:\/\/www.recydata.be\/fr\/wp-json\/wp\/v2\/pages\/26\/revisions\/1587"}],"wp:attachment":[{"href":"https:\/\/www.recydata.be\/fr\/wp-json\/wp\/v2\/media?parent=26"}],"curies":[{"name":"wp","href":"https:\/\/api.w.org\/{rel}","templated":true}]}}